{"id":4827,"date":"2023-05-22T17:11:24","date_gmt":"2023-05-22T15:11:24","guid":{"rendered":"http:\/\/rinosartori.it\/it\/?page_id=4827"},"modified":"2024-04-09T09:10:59","modified_gmt":"2024-04-09T07:10:59","slug":"chi-siamo","status":"publish","type":"page","link":"https:\/\/cantineprimavera.it\/it\/chi-siamo\/","title":{"rendered":"Chi siamo"},"content":{"rendered":"<p>[vc_row css=&#8221;.vc_custom_1684773186518{background-color: #2c2c2c !important;}&#8221;][vc_column width=&#8221;1\/2&#8243;]\n\t<div class=\"title-subtitle-box  \" style=\" text-align: left;\">\n\t\t<h1 style=\" font-weight: normal;\" class=\"special-title\" >La Nostra Storia<\/h1>\n\t\t<span class=\"gg-horizontal-line\"><\/span>\n\t\t<div class=\"box-description\"><p>La Cantina Primavera \u00e8 un\u2019azienda vinicola fondata nella met\u00e0 degli anni 90 e cresciuta nel tempo fino a diventare oggi una delle principali realt\u00e0 enologiche della Valpolicella.<\/p>\n<p>Il suo business consiste principalmente nella vendita all\u2019ingrosso ai principali imbottigliatori della zona ma anche del nord Italia.<\/p>\n<\/div>\n\t<\/div> [\/vc_column][vc_column width=&#8221;1\/2&#8243; add_reveal_effect=&#8221;yes&#8221;][vc_empty_space height=&#8221;900px&#8221; css=&#8221;.vc_custom_1684773305790{background-image: url(http:\/\/rinosartori.it\/it\/wp-content\/uploads\/sites\/2\/2022\/08\/who-we-are-1-1.jpg?id=4109) !important;background-position: center !important;background-repeat: no-repeat !important;background-size: cover !important;}&#8221;][\/vc_column][\/vc_row][vc_row][vc_column][vc_column_text css=&#8221;.vc_custom_1684772895385{margin-bottom: 0px !important;border-bottom-width: 0px !important;padding-bottom: 0px !important;}&#8221;]<\/p>\n<h3 style=\"text-align: center;\">Creati per coloro che amano le cose belle della vita, questi vini pregiati sono lodati per la loro profondit\u00e0, intensit\u00e0 e capacit\u00e0 di invecchiare con grazia.<\/h3>\n<p>[\/vc_column_text][\/vc_column][\/vc_row][vc_row css=&#8221;.vc_custom_1684770369226{background-color: #2c2c2c !important;}&#8221;][vc_column css=&#8221;.vc_custom_1684770203128{margin-top: 0px !important;border-top-width: 0px !important;padding-top: 0px !important;}&#8221;][vc_column_text css_animation=&#8221;fadeIn&#8221; css=&#8221;.vc_custom_1684773066960{margin-top: -20px !important;}&#8221;]<\/p>\n<h1 style=\"text-align: center;\">Il Nostro Mestiere<\/h1>\n<h2 style=\"text-align: center;\"><span style=\"color: #808080;\">\u00e8 da sempre stato amore per il vino e la vinificazione<\/span><\/h2>\n<p style=\"text-align: center;\"><img decoding=\"async\" loading=\"lazy\" class=\"alignnone size-full wp-image-2135\" src=\"http:\/\/rinosartori.it\/it\/wp-content\/uploads\/sites\/2\/2019\/12\/craft-barrels.png\" alt=\"\" width=\"531\" height=\"353\" srcset=\"https:\/\/cantineprimavera.it\/it\/wp-content\/uploads\/sites\/2\/2019\/12\/craft-barrels.png 531w, https:\/\/cantineprimavera.it\/it\/wp-content\/uploads\/sites\/2\/2019\/12\/craft-barrels-300x199.png 300w, https:\/\/cantineprimavera.it\/it\/wp-content\/uploads\/sites\/2\/2019\/12\/craft-barrels-64x43.png 64w\" sizes=\"(max-width: 531px) 100vw, 531px\" \/><\/p>\n<p>[\/vc_column_text][\/vc_column][\/vc_row][vc_row full_height=&#8221;yes&#8221;][vc_column][vc_gallery type=&#8221;nivo&#8221; interval=&#8221;3&#8243; images=&#8221;4162,4156,3874&#8243; img_size=&#8221;full&#8221; onclick=&#8221;&#8221;][\/vc_column][\/vc_row]<\/p>\n","protected":false},"excerpt":{"rendered":"<p>[vc_row css=&#8221;.vc_custom_1684773186518{background-color: #2c2c2c !important;}&#8221;][vc_column width=&#8221;1\/2&#8243;][\/vc_column][vc_column width=&#8221;1\/2&#8243; add_reveal_effect=&#8221;yes&#8221;][vc_empty_space height=&#8221;900px&#8221; css=&#8221;.vc_custom_1684773305790{background-image: url(http:\/\/rinosartori.it\/it\/wp-content\/uploads\/sites\/2\/2022\/08\/who-we-are-1-1.jpg?id=4109) !important;background-position: center !important;background-repeat: no-repeat !important;background-size: cover !important;}&#8221;][\/vc_column][\/vc_row][vc_row][vc_column][vc_column_text css=&#8221;.vc_custom_1684772895385{margin-bottom: 0px !important;border-bottom-width: 0px !important;padding-bottom: 0px !important;}&#8221;] Creati per coloro che amano le cose belle della vita, questi vini pregiati sono lodati per la loro profondit\u00e0, intensit\u00e0 e capacit\u00e0 di invecchiare con grazia. [\/vc_column_text][\/vc_column][\/vc_row][vc_row css=&#8221;.vc_custom_1684770369226{background-color: #2c2c2c !important;}&#8221;][vc_column css=&#8221;.vc_custom_1684770203128{margin-top:<\/p>\n<p class=\"more-link-wrapper\"><a class=\"btn btn-primary\" href=\"https:\/\/cantineprimavera.it\/it\/chi-siamo\/\">Read More<\/a><\/p>\n","protected":false},"author":1,"featured_media":5046,"parent":0,"menu_order":0,"comment_status":"closed","ping_status":"closed","template":"","meta":{"_mi_skip_tracking":false,"_monsterinsights_sitenote_active":false,"_monsterinsights_sitenote_note":"","_monsterinsights_sitenote_category":0,"_themeisle_gutenberg_block_has_review":false},"acf":[],"aioseo_notices":[],"_links":{"self":[{"href":"https:\/\/cantineprimavera.it\/it\/wp-json\/wp\/v2\/pages\/4827"}],"collection":[{"href":"https:\/\/cantineprimavera.it\/it\/wp-json\/wp\/v2\/pages"}],"about":[{"href":"https:\/\/cantineprimavera.it\/it\/wp-json\/wp\/v2\/types\/page"}],"author":[{"embeddable":true,"href":"https:\/\/cantineprimavera.it\/it\/wp-json\/wp\/v2\/users\/1"}],"replies":[{"embeddable":true,"href":"https:\/\/cantineprimavera.it\/it\/wp-json\/wp\/v2\/comments?post=4827"}],"version-history":[{"count":1,"href":"https:\/\/cantineprimavera.it\/it\/wp-json\/wp\/v2\/pages\/4827\/revisions"}],"predecessor-version":[{"id":5225,"href":"https:\/\/cantineprimavera.it\/it\/wp-json\/wp\/v2\/pages\/4827\/revisions\/5225"}],"wp:featuredmedia":[{"embeddable":true,"href":"https:\/\/cantineprimavera.it\/it\/wp-json\/"}],"wp:attachment":[{"href":"https:\/\/cantineprimavera.it\/it\/wp-json\/wp\/v2\/media?parent=4827"}],"curies":[{"name":"wp","href":"https:\/\/api.w.org\/{rel}","templated":true}]}}